{"id":71,"date":"2026-01-10T16:04:17","date_gmt":"2026-01-10T16:04:17","guid":{"rendered":"https:\/\/www.karelmar.com\/?page_id=71"},"modified":"2026-02-05T13:15:45","modified_gmt":"2026-02-05T10:15:45","slug":"iletisim","status":"publish","type":"page","link":"https:\/\/www.karelmar.com\/en\/iletisim\/","title":{"rendered":"CONTACT US"},"content":{"rendered":"<div data-elementor-type=\"wp-page\" data-elementor-id=\"71\" class=\"elementor elementor-71\" data-elementor-post-type=\"page\">\n\t\t\t\t<header class=\"elementor-element elementor-element-362a4773 e-con-full e-flex e-con e-parent\" data-id=\"362a4773\" data-element_type=\"container\" data-e-type=\"container\">\n\t\t<div class=\"elementor-element elementor-element-2f15409c e-con-full e-flex e-con e-child\" data-id=\"2f15409c\" data-element_type=\"container\" data-e-type=\"container\">\n\t\t\t\t<div class=\"elementor-element elementor-element-588e6a13 elementor-align-end elementor-icon-list--layout-traditional elementor-list-item-link-full_width elementor-widget elementor-widget-icon-list\" data-id=\"588e6a13\" data-element_type=\"widget\" data-e-type=\"widget\" data-widget_type=\"icon-list.default\">\n\t\t\t\t\t\t\t<ul class=\"elementor-icon-list-items\">\n\t\t\t\t\t\t\t<li class=\"elementor-icon-list-item\">\n\t\t\t\t\t\t\t\t\t\t\t<span class=\"elementor-icon-list-icon\">\n\t\t\t\t\t\t\t<svg xmlns=\"http:\/\/www.w3.org\/2000\/svg\" id=\"bca8668a-c1a7-45ca-a09b-aba638241546\" data-name=\"Layer 1\" width=\"14.9685\" height=\"15\" viewbox=\"0 0 14.9685 15\"><path d=\"M14.576,11.0085,12.4827,8.9152a1.3923,1.3923,0,0,0-2.3176.5233,1.4244,1.4244,0,0,1-1.6447.8971A6.455,6.455,0,0,1,4.6328,6.4481,1.3551,1.3551,0,0,1,5.53,4.8033a1.3922,1.3922,0,0,0,.5233-2.3175L3.96.3925a1.4929,1.4929,0,0,0-2.0185,0l-1.42,1.42C-.8994,3.3082.6705,7.27,4.1843,10.7842s7.476,5.1585,8.9712,3.6633L14.576,13.027A1.4931,1.4931,0,0,0,14.576,11.0085Z\" transform=\"translate(0 0)\"><\/path><\/svg>\t\t\t\t\t\t<\/span>\n\t\t\t\t\t\t\t\t\t\t<span class=\"elementor-icon-list-text\">123-456-7890<\/span>\n\t\t\t\t\t\t\t\t\t<\/li>\n\t\t\t\t\t\t<\/ul>\n\t\t\t\t\t\t<\/div>\n\t\t\t\t<\/div>\n\t\t\t\t<\/header>\n\t\t<div class=\"elementor-element elementor-element-3da0a4be e-con-full e-flex e-con e-parent\" data-id=\"3da0a4be\" data-element_type=\"container\" data-e-type=\"container\">\n\t\t<div class=\"elementor-element elementor-element-75831b1c e-con-full e-flex e-con e-child\" data-id=\"75831b1c\" data-element_type=\"container\" data-e-type=\"container\">\n\t\t\t\t<div class=\"elementor-element elementor-element-22d77d9c elementor-widget elementor-widget-heading\" data-id=\"22d77d9c\" data-element_type=\"widget\" data-e-type=\"widget\" data-widget_type=\"heading.default\">\n\t\t\t\t\t<h1 class=\"elementor-heading-title elementor-size-default\">Contact Us<\/h1>\t\t\t\t<\/div>\n\t\t\t\t<div class=\"elementor-element elementor-element-2ea8e504 elementor-widget elementor-widget-text-editor\" data-id=\"2ea8e504\" data-element_type=\"widget\" data-e-type=\"widget\" data-widget_type=\"text-editor.default\">\n\t\t\t\t\t\t\t\t\t<p>We'd be pleased to hear from you.<br data-start=\"178\" data-end=\"181\" \/>You can contact us at any time using our contact details below.<\/p>\t\t\t\t\t\t\t\t<\/div>\n\t\t\t\t<\/div>\n\t\t<div class=\"elementor-element elementor-element-50a3ea32 e-con-full e-flex e-con e-child\" data-id=\"50a3ea32\" data-element_type=\"container\" data-e-type=\"container\">\n\t\t\t\t<div class=\"elementor-element elementor-element-4f1a79d elementor-widget elementor-widget-image\" data-id=\"4f1a79d\" data-element_type=\"widget\" data-e-type=\"widget\" data-widget_type=\"image.default\">\n\t\t\t\t\t\t\t\t\t\t\t\t\t\t\t<img fetchpriority=\"high\" decoding=\"async\" width=\"800\" height=\"800\" src=\"https:\/\/www.karelmar.com\/wp-content\/uploads\/2025\/12\/karelmar-hero-1024x1024.png\" class=\"attachment-large size-large wp-image-16\" alt=\"\" srcset=\"https:\/\/www.karelmar.com\/wp-content\/uploads\/2025\/12\/karelmar-hero-1024x1024.png 1024w, https:\/\/www.karelmar.com\/wp-content\/uploads\/2025\/12\/karelmar-hero-300x300.png 300w, https:\/\/www.karelmar.com\/wp-content\/uploads\/2025\/12\/karelmar-hero-150x150.png 150w, https:\/\/www.karelmar.com\/wp-content\/uploads\/2025\/12\/karelmar-hero-768x768.png 768w, https:\/\/www.karelmar.com\/wp-content\/uploads\/2025\/12\/karelmar-hero-1536x1536.png 1536w, https:\/\/www.karelmar.com\/wp-content\/uploads\/2025\/12\/karelmar-hero.png 2048w\" sizes=\"(max-width: 800px) 100vw, 800px\" \/>\t\t\t\t\t\t\t\t\t\t\t\t\t\t\t<\/div>\n\t\t\t\t<\/div>\n\t\t\t\t<\/div>\n\t\t<div class=\"elementor-element elementor-element-14397220 e-con-full e-flex e-con e-parent\" data-id=\"14397220\" data-element_type=\"container\" data-e-type=\"container\" data-settings=\"{&quot;background_background&quot;:&quot;classic&quot;}\">\n\t\t<div class=\"elementor-element elementor-element-1c5af15d e-con-full e-flex e-con e-child\" data-id=\"1c5af15d\" data-element_type=\"container\" data-e-type=\"container\">\n\t\t\t\t<div class=\"elementor-element elementor-element-1e69d4a8 elementor-widget elementor-widget-image\" data-id=\"1e69d4a8\" data-element_type=\"widget\" data-e-type=\"widget\" data-widget_type=\"image.default\">\n\t\t\t\t\t\t\t\t\t\t\t\t\t\t\t<img decoding=\"async\" width=\"800\" height=\"534\" src=\"https:\/\/www.karelmar.com\/wp-content\/uploads\/2026\/01\/iletiism-1024x683.png\" class=\"attachment-large size-large wp-image-376\" alt=\"\" srcset=\"https:\/\/www.karelmar.com\/wp-content\/uploads\/2026\/01\/iletiism-1024x683.png 1024w, https:\/\/www.karelmar.com\/wp-content\/uploads\/2026\/01\/iletiism-300x200.png 300w, https:\/\/www.karelmar.com\/wp-content\/uploads\/2026\/01\/iletiism-768x512.png 768w, https:\/\/www.karelmar.com\/wp-content\/uploads\/2026\/01\/iletiism.png 1536w\" sizes=\"(max-width: 800px) 100vw, 800px\" \/>\t\t\t\t\t\t\t\t\t\t\t\t\t\t\t<\/div>\n\t\t\t\t<\/div>\n\t\t<div class=\"elementor-element elementor-element-830a46a e-con-full e-flex e-con e-child\" data-id=\"830a46a\" data-element_type=\"container\" data-e-type=\"container\">\n\t\t\t\t<div class=\"elementor-element elementor-element-4427109e elementor-align-start elementor-icon-list--layout-traditional elementor-list-item-link-full_width elementor-widget elementor-widget-icon-list\" data-id=\"4427109e\" data-element_type=\"widget\" data-e-type=\"widget\" data-widget_type=\"icon-list.default\">\n\t\t\t\t\t\t\t<ul class=\"elementor-icon-list-items\">\n\t\t\t\t\t\t\t<li class=\"elementor-icon-list-item\">\n\t\t\t\t\t\t\t\t\t\t<span class=\"elementor-icon-list-text\"><b>Address:<\/b> 1419. Cadde, Cadde Ivedik Business Centre 1G\/NO:20, 06378 Yenimahalle\/Ankara<\/span>\n\t\t\t\t\t\t\t\t\t<\/li>\n\t\t\t\t\t\t\t\t<li class=\"elementor-icon-list-item\">\n\t\t\t\t\t\t\t\t\t\t<span class=\"elementor-icon-list-text\"><b>Working Hours :<\/b> Mon-Fri 9:00 - 18:00<\/span>\n\t\t\t\t\t\t\t\t\t<\/li>\n\t\t\t\t\t\t\t\t<li class=\"elementor-icon-list-item\">\n\t\t\t\t\t\t\t\t\t\t<span class=\"elementor-icon-list-text\"><b>Telephone:<\/b> +90 312 395 95 13 - +90 552 395 95 13 <\/span>\n\t\t\t\t\t\t\t\t\t<\/li>\n\t\t\t\t\t\t\t\t<li class=\"elementor-icon-list-item\">\n\t\t\t\t\t\t\t\t\t\t<span class=\"elementor-icon-list-text\"><b>Email:<\/b>satis@karelmar.com<\/span>\n\t\t\t\t\t\t\t\t\t<\/li>\n\t\t\t\t\t\t<\/ul>\n\t\t\t\t\t\t<\/div>\n\t\t\t\t<\/div>\n\t\t\t\t<\/div>\n\t\t<div class=\"elementor-element elementor-element-12ebe31 e-con-full e-flex e-con e-parent\" data-id=\"12ebe31\" data-element_type=\"container\" data-e-type=\"container\">\n\t\t<div class=\"elementor-element elementor-element-9f73e84 e-con-full e-flex e-con e-child\" data-id=\"9f73e84\" data-element_type=\"container\" data-e-type=\"container\" data-settings=\"{&quot;background_background&quot;:&quot;classic&quot;}\">\n\t\t\t\t<div class=\"elementor-element elementor-element-5fe96c30 elementor-widget elementor-widget-google_maps\" data-id=\"5fe96c30\" data-element_type=\"widget\" data-e-type=\"widget\" data-widget_type=\"google_maps.default\">\n\t\t\t\t\t\t\t<div class=\"elementor-custom-embed\">\n\t\t\t<iframe loading=\"lazy\"\n\t\t\t\t\tsrc=\"https:\/\/maps.google.com\/maps?q=39.98552012292529%2C%2032.7380462986391&#038;t=m&#038;z=17&#038;output=embed&#038;iwloc=near\"\n\t\t\t\t\ttitle=\"39.98552012292529, 32.7380462986391\"\n\t\t\t\t\taria-label=\"39.98552012292529, 32.7380462986391\"\n\t\t\t><\/iframe>\n\t\t<\/div>\n\t\t\t\t\t\t<\/div>\n\t\t\t\t<\/div>\n\t\t<div class=\"elementor-element elementor-element-1979674d e-con-full e-flex e-con e-child\" data-id=\"1979674d\" data-element_type=\"container\" data-e-type=\"container\">\n\t\t\t\t<div class=\"elementor-element elementor-element-64a6f43f elementor-widget elementor-widget-heading\" data-id=\"64a6f43f\" data-element_type=\"widget\" data-e-type=\"widget\" data-widget_type=\"heading.default\">\n\t\t\t\t\t<h2 class=\"elementor-heading-title elementor-size-default\">Contact us<\/h2>\t\t\t\t<\/div>\n\t\t\t\t<div class=\"elementor-element elementor-element-ece5677 elementor-widget elementor-widget-icon-box\" data-id=\"ece5677\" data-element_type=\"widget\" data-e-type=\"widget\" data-widget_type=\"icon-box.default\">\n\t\t\t\t\t\t\t<div class=\"elementor-icon-box-wrapper\">\n\n\t\t\t\n\t\t\t\t\t\t<div class=\"elementor-icon-box-content\">\n\n\t\t\t\t\t\t\t\t\t<h4 class=\"elementor-icon-box-title\">\n\t\t\t\t\t\t<span  >\n\t\t\t\t\t\t\tAddress:\t\t\t\t\t\t<\/span>\n\t\t\t\t\t<\/h4>\n\t\t\t\t\n\t\t\t\t\t\t\t\t\t<p class=\"elementor-icon-box-description\">\n\t\t\t\t\t\t1419. Cadde, Cadde Ivedik Business Centre 1G\/NO:20, 06378 Yenimahalle\/Ankara\t\t\t\t\t<\/p>\n\t\t\t\t\n\t\t\t<\/div>\n\t\t\t\n\t\t<\/div>\n\t\t\t\t\t\t<\/div>\n\t\t\t\t<\/div>\n\t\t\t\t<\/div>\n\t\t\t\t<\/div>","protected":false},"excerpt":{"rendered":"<p>123-456-7890 Bizimle \u0130leti\u015fime Ge\u00e7in Sizden haber almak bizi memnun eder.A\u015fa\u011f\u0131daki ileti\u015fim bilgilerimizi kullanarak bizimle diledi\u011finiz zaman ileti\u015fime ge\u00e7ebilirsiniz. Adres: 1419. Cadde, Cadde \u0130vedik \u0130\u015f Merkezi 1G\/NO:20, 06378 Yenimahalle\/Ankara \u00c7al\u0131\u015fma Saatleri : P.tesi-Cuma 9:00 &#8211; 18:00 Telefon: +90 312 395 95 13 &#8211; +90 552 395 95 13 Email:satis@karelmar.com Bize Ula\u015f\u0131n Adres: 1419. Cadde, Cadde \u0130vedik [&hellip;]<\/p>","protected":false},"author":1,"featured_media":0,"parent":0,"menu_order":0,"comment_status":"closed","ping_status":"closed","template":"","meta":{"footnotes":""},"class_list":["post-71","page","type-page","status-publish","hentry"],"_links":{"self":[{"href":"https:\/\/www.karelmar.com\/en\/wp-json\/wp\/v2\/pages\/71","targetHints":{"allow":["GET"]}}],"collection":[{"href":"https:\/\/www.karelmar.com\/en\/wp-json\/wp\/v2\/pages"}],"about":[{"href":"https:\/\/www.karelmar.com\/en\/wp-json\/wp\/v2\/types\/page"}],"author":[{"embeddable":true,"href":"https:\/\/www.karelmar.com\/en\/wp-json\/wp\/v2\/users\/1"}],"replies":[{"embeddable":true,"href":"https:\/\/www.karelmar.com\/en\/wp-json\/wp\/v2\/comments?post=71"}],"version-history":[{"count":31,"href":"https:\/\/www.karelmar.com\/en\/wp-json\/wp\/v2\/pages\/71\/revisions"}],"predecessor-version":[{"id":720,"href":"https:\/\/www.karelmar.com\/en\/wp-json\/wp\/v2\/pages\/71\/revisions\/720"}],"wp:attachment":[{"href":"https:\/\/www.karelmar.com\/en\/wp-json\/wp\/v2\/media?parent=71"}],"curies":[{"name":"wp","href":"https:\/\/api.w.org\/{rel}","templated":true}]}}