{"id":65,"date":"2026-01-10T16:02:53","date_gmt":"2026-01-10T16:02:53","guid":{"rendered":"https:\/\/www.karelmar.com\/?page_id=65"},"modified":"2026-01-11T13:02:40","modified_gmt":"2026-01-11T13:02:40","slug":"hakkimizda","status":"publish","type":"page","link":"https:\/\/www.karelmar.com\/en\/hakkimizda\/","title":{"rendered":"ABOUT US"},"content":{"rendered":"<div data-elementor-type=\"wp-page\" data-elementor-id=\"65\" class=\"elementor elementor-65\" data-elementor-post-type=\"page\">\n\t\t\t\t<div class=\"elementor-element elementor-element-fa2b9a4 e-con-full e-flex e-con e-parent\" data-id=\"fa2b9a4\" data-element_type=\"container\" data-e-type=\"container\">\n\t\t<div class=\"elementor-element elementor-element-44b9cc9 e-con-full e-flex e-con e-child\" data-id=\"44b9cc9\" data-element_type=\"container\" data-e-type=\"container\">\n\t\t\t\t<div class=\"elementor-element elementor-element-0df2126 elementor-widget elementor-widget-text-editor\" data-id=\"0df2126\" data-element_type=\"widget\" data-e-type=\"widget\" data-widget_type=\"text-editor.default\">\n\t\t\t\t\t\t\t\t\t<p>KARELMAR ELECTRICITY<\/p>\t\t\t\t\t\t\t\t<\/div>\n\t\t\t\t<div class=\"elementor-element elementor-element-0860a1f elementor-widget__width-initial elementor-widget elementor-widget-heading\" data-id=\"0860a1f\" data-element_type=\"widget\" data-e-type=\"widget\" data-widget_type=\"heading.default\">\n\t\t\t\t\t<h2 class=\"elementor-heading-title elementor-size-default\">Electrical and Industrial Solutions\n\n\nYour Reliable Solution Partner\n<\/h2>\t\t\t\t<\/div>\n\t\t\t\t<div class=\"elementor-element elementor-element-4befc3d elementor-widget__width-initial elementor-widget elementor-widget-text-editor\" data-id=\"4befc3d\" data-element_type=\"widget\" data-e-type=\"widget\" data-widget_type=\"text-editor.default\">\n\t\t\t\t\t\t\t\t\t<p>We offer end-to-end solutions in the fields of energy transmission, distribution and control with our project-based needs, high quality standards and strong logistics infrastructure.<\/p>\t\t\t\t\t\t\t\t<\/div>\n\t\t\t\t<\/div>\n\t\t<div class=\"elementor-element elementor-element-ae9010d e-con-full e-flex e-con e-child\" data-id=\"ae9010d\" data-element_type=\"container\" data-e-type=\"container\">\n\t\t\t\t<div class=\"elementor-element elementor-element-82bfc36 elementor-widget elementor-widget-image\" data-id=\"82bfc36\" data-element_type=\"widget\" data-e-type=\"widget\" data-widget_type=\"image.default\">\n\t\t\t\t\t\t\t\t\t\t\t\t\t\t\t<img fetchpriority=\"high\" decoding=\"async\" width=\"800\" height=\"800\" src=\"https:\/\/www.karelmar.com\/wp-content\/uploads\/2026\/01\/karhakk.png\" class=\"attachment-large size-large wp-image-129\" alt=\"\" srcset=\"https:\/\/www.karelmar.com\/wp-content\/uploads\/2026\/01\/karhakk.png 1024w, https:\/\/www.karelmar.com\/wp-content\/uploads\/2026\/01\/karhakk-300x300.png 300w, https:\/\/www.karelmar.com\/wp-content\/uploads\/2026\/01\/karhakk-150x150.png 150w, https:\/\/www.karelmar.com\/wp-content\/uploads\/2026\/01\/karhakk-768x768.png 768w\" sizes=\"(max-width: 800px) 100vw, 800px\" \/>\t\t\t\t\t\t\t\t\t\t\t\t\t\t\t<\/div>\n\t\t\t\t<\/div>\n\t\t\t\t<\/div>\n\t\t<div class=\"elementor-element elementor-element-bd42a66 e-con-full e-flex e-con e-parent\" data-id=\"bd42a66\" data-element_type=\"container\" data-e-type=\"container\">\n\t\t<div class=\"elementor-element elementor-element-470350f e-con-full e-flex e-con e-child\" data-id=\"470350f\" data-element_type=\"container\" data-e-type=\"container\">\n\t\t\t\t<div class=\"elementor-element elementor-element-de96388 elementor-widget elementor-widget-heading\" data-id=\"de96388\" data-element_type=\"widget\" data-e-type=\"widget\" data-widget_type=\"heading.default\">\n\t\t\t\t\t<h2 class=\"elementor-heading-title elementor-size-default\">Sector Experience from 1997<\/h2>\t\t\t\t<\/div>\n\t\t\t\t<div class=\"elementor-element elementor-element-82163d2 elementor-widget elementor-widget-text-editor\" data-id=\"82163d2\" data-element_type=\"widget\" data-e-type=\"widget\" data-widget_type=\"text-editor.default\">\n\t\t\t\t\t\t\t\t\t<p>Corporate accumulation strengthened by group company infrastructure<\/p>\t\t\t\t\t\t\t\t<\/div>\n\t\t\t\t<\/div>\n\t\t<div class=\"elementor-element elementor-element-75efe28 e-con-full e-flex e-con e-child\" data-id=\"75efe28\" data-element_type=\"container\" data-e-type=\"container\">\n\t\t\t\t<div class=\"elementor-element elementor-element-21ebeb5 elementor-widget elementor-widget-heading\" data-id=\"21ebeb5\" data-element_type=\"widget\" data-e-type=\"widget\" data-widget_type=\"heading.default\">\n\t\t\t\t\t<h2 class=\"elementor-heading-title elementor-size-default\">Strong Structure Based in Ankara<\/h2>\t\t\t\t<\/div>\n\t\t\t\t<div class=\"elementor-element elementor-element-2a0abd2 elementor-widget elementor-widget-text-editor\" data-id=\"2a0abd2\" data-element_type=\"widget\" data-e-type=\"widget\" data-widget_type=\"text-editor.default\">\n\t\t\t\t\t\t\t\t\t<p>Fast access from Central Anatolia to Turkey<\/p>\t\t\t\t\t\t\t\t<\/div>\n\t\t\t\t<\/div>\n\t\t<div class=\"elementor-element elementor-element-b22293d e-con-full e-flex e-con e-child\" data-id=\"b22293d\" data-element_type=\"container\" data-e-type=\"container\">\n\t\t\t\t<div class=\"elementor-element elementor-element-33bcf50 elementor-widget elementor-widget-heading\" data-id=\"33bcf50\" data-element_type=\"widget\" data-e-type=\"widget\" data-widget_type=\"heading.default\">\n\t\t\t\t\t<h2 class=\"elementor-heading-title elementor-size-default\">End-to-End Electrical Solutions<\/h2>\t\t\t\t<\/div>\n\t\t\t\t<div class=\"elementor-element elementor-element-791c7b0 elementor-widget elementor-widget-text-editor\" data-id=\"791c7b0\" data-element_type=\"widget\" data-e-type=\"widget\" data-widget_type=\"text-editor.default\">\n\t\t\t\t\t\t\t\t\t<p>Supply, panel, automation and project based support<\/p>\t\t\t\t\t\t\t\t<\/div>\n\t\t\t\t<\/div>\n\t\t<div class=\"elementor-element elementor-element-fa5865f e-con-full e-flex e-con e-child\" data-id=\"fa5865f\" data-element_type=\"container\" data-e-type=\"container\">\n\t\t\t\t<div class=\"elementor-element elementor-element-53efa5d elementor-widget elementor-widget-heading\" data-id=\"53efa5d\" data-element_type=\"widget\" data-e-type=\"widget\" data-widget_type=\"heading.default\">\n\t\t\t\t\t<h2 class=\"elementor-heading-title elementor-size-default\">Fast and Planned Delivery<\/h2>\t\t\t\t<\/div>\n\t\t\t\t<div class=\"elementor-element elementor-element-52f5a0b elementor-widget elementor-widget-text-editor\" data-id=\"52f5a0b\" data-element_type=\"widget\" data-e-type=\"widget\" data-widget_type=\"text-editor.default\">\n\t\t\t\t\t\t\t\t\t<p>Reliable delivery according to the project schedule<\/p>\t\t\t\t\t\t\t\t<\/div>\n\t\t\t\t<\/div>\n\t\t\t\t<\/div>\n\t\t<div class=\"elementor-element elementor-element-e2ebe4e e-con-full e-flex e-con e-parent\" data-id=\"e2ebe4e\" data-element_type=\"container\" data-e-type=\"container\">\n\t\t\t\t<div class=\"elementor-element elementor-element-387ac58 elementor-widget elementor-widget-heading\" data-id=\"387ac58\" data-element_type=\"widget\" data-e-type=\"widget\" data-widget_type=\"heading.default\">\n\t\t\t\t\t<h2 class=\"elementor-heading-title elementor-size-default\">Our Story<\/h2>\t\t\t\t<\/div>\n\t\t<div class=\"elementor-element elementor-element-205f44c e-con-full e-flex e-con e-child\" data-id=\"205f44c\" data-element_type=\"container\" data-e-type=\"container\">\n\t\t<div class=\"elementor-element elementor-element-e94a913 e-con-full e-flex e-con e-child\" data-id=\"e94a913\" data-element_type=\"container\" data-e-type=\"container\">\n\t\t\t\t<div class=\"elementor-element elementor-element-2531ce1 elementor-widget elementor-widget-heading\" data-id=\"2531ce1\" data-element_type=\"widget\" data-e-type=\"widget\" data-widget_type=\"heading.default\">\n\t\t\t\t\t<h5 class=\"elementor-heading-title elementor-size-default\">1997<\/h5>\t\t\t\t<\/div>\n\t\t\t\t<div class=\"elementor-element elementor-element-d5fc814 km-tl-title elementor-widget elementor-widget-heading\" data-id=\"d5fc814\" data-element_type=\"widget\" data-e-type=\"widget\" data-widget_type=\"heading.default\">\n\t\t\t\t\t<h3 class=\"elementor-heading-title elementor-size-default\">Foundations of Sectoral Accumulation<\/h3>\t\t\t\t<\/div>\n\t\t\t\t<div class=\"elementor-element elementor-element-5c1a37f km-tl-desc elementor-widget elementor-widget-text-editor\" data-id=\"5c1a37f\" data-element_type=\"widget\" data-e-type=\"widget\" data-widget_type=\"text-editor.default\">\n\t\t\t\t\t\t\t\t\t<p>Experience gained within the group structure of Karadeniz Elektromarket A.\u015e., one of the leading companies in the sector in Trabzon.<\/p>\t\t\t\t\t\t\t\t<\/div>\n\t\t\t\t<\/div>\n\t\t<div class=\"elementor-element elementor-element-e2f6ffa e-con-full e-flex e-con e-child\" data-id=\"e2f6ffa\" data-element_type=\"container\" data-e-type=\"container\">\n\t\t\t\t<div class=\"elementor-element elementor-element-8bc166e elementor-widget elementor-widget-heading\" data-id=\"8bc166e\" data-element_type=\"widget\" data-e-type=\"widget\" data-widget_type=\"heading.default\">\n\t\t\t\t\t<h5 class=\"elementor-heading-title elementor-size-default\">2018<\/h5>\t\t\t\t<\/div>\n\t\t\t\t<div class=\"elementor-element elementor-element-75caec6 km-tl-title elementor-widget elementor-widget-heading\" data-id=\"75caec6\" data-element_type=\"widget\" data-e-type=\"widget\" data-widget_type=\"heading.default\">\n\t\t\t\t\t<h3 class=\"elementor-heading-title elementor-size-default\">Relocation to Ankara and Strategic Positioning<\/h3>\t\t\t\t<\/div>\n\t\t\t\t<div class=\"elementor-element elementor-element-6536f4a km-tl-desc elementor-widget elementor-widget-text-editor\" data-id=\"6536f4a\" data-element_type=\"widget\" data-e-type=\"widget\" data-widget_type=\"text-editor.default\">\n\t\t\t\t\t\t\t\t\t<p>On 06.12.2018, expansion of the service network with Ankara-based structuring.<\/p>\t\t\t\t\t\t\t\t<\/div>\n\t\t\t\t<\/div>\n\t\t<div class=\"elementor-element elementor-element-6cfd6cb e-con-full e-flex e-con e-child\" data-id=\"6cfd6cb\" data-element_type=\"container\" data-e-type=\"container\">\n\t\t\t\t<div class=\"elementor-element elementor-element-d2a6a97 elementor-widget elementor-widget-heading\" data-id=\"d2a6a97\" data-element_type=\"widget\" data-e-type=\"widget\" data-widget_type=\"heading.default\">\n\t\t\t\t\t<h5 class=\"elementor-heading-title elementor-size-default\">Today<\/h5>\t\t\t\t<\/div>\n\t\t\t\t<div class=\"elementor-element elementor-element-087db54 km-tl-title elementor-widget elementor-widget-heading\" data-id=\"087db54\" data-element_type=\"widget\" data-e-type=\"widget\" data-widget_type=\"heading.default\">\n\t\t\t\t\t<h3 class=\"elementor-heading-title elementor-size-default\">Strong Service Across Turkey<\/h3>\t\t\t\t<\/div>\n\t\t\t\t<div class=\"elementor-element elementor-element-ad787a7 km-tl-desc elementor-widget elementor-widget-text-editor\" data-id=\"ad787a7\" data-element_type=\"widget\" data-e-type=\"widget\" data-widget_type=\"text-editor.default\">\n\t\t\t\t\t\t\t\t\t<p>Fast and reliable supply to all four corners of Turkey with Central Anatolia based operation structure.<\/p>\t\t\t\t\t\t\t\t<\/div>\n\t\t\t\t<\/div>\n\t\t\t\t<\/div>\n\t\t\t\t<\/div>\n\t\t<div class=\"elementor-element elementor-element-36dbee4 e-flex e-con-boxed e-con e-parent\" data-id=\"36dbee4\" data-element_type=\"container\" data-e-type=\"container\">\n\t\t\t\t\t<div class=\"e-con-inner\">\n\t\t\t\t<div class=\"elementor-element elementor-element-12c29aa elementor-widget elementor-widget-heading\" data-id=\"12c29aa\" data-element_type=\"widget\" data-e-type=\"widget\" data-widget_type=\"heading.default\">\n\t\t\t\t\t<h2 class=\"elementor-heading-title elementor-size-default\">Why Karelmar?<\/h2>\t\t\t\t<\/div>\n\t\t\t\t<div class=\"elementor-element elementor-element-300672c elementor-widget elementor-widget-text-editor\" data-id=\"300672c\" data-element_type=\"widget\" data-e-type=\"widget\" data-widget_type=\"text-editor.default\">\n\t\t\t\t\t\t\t\t\t<p><strong data-start=\"248\" data-end=\"331\">Our core values that make us preferable in electrical and industrial solutions.<\/strong><\/p>\t\t\t\t\t\t\t\t<\/div>\n\t\t<div class=\"elementor-element elementor-element-74f4e2a e-con-full e-flex e-con e-child\" data-id=\"74f4e2a\" data-element_type=\"container\" data-e-type=\"container\">\n\t\t<div class=\"elementor-element elementor-element-8cd4a22 e-con-full e-flex e-con e-child\" data-id=\"8cd4a22\" data-element_type=\"container\" data-e-type=\"container\" data-settings=\"{&quot;background_background&quot;:&quot;classic&quot;}\">\n\t\t\t\t<div class=\"elementor-element elementor-element-139484b elementor-view-default elementor-widget elementor-widget-icon\" data-id=\"139484b\" data-element_type=\"widget\" data-e-type=\"widget\" data-widget_type=\"icon.default\">\n\t\t\t\t\t\t\t<div class=\"elementor-icon-wrapper\">\n\t\t\t<div class=\"elementor-icon\">\n\t\t\t<svg aria-hidden=\"true\" class=\"e-font-icon-svg e-fas-users\" viewbox=\"0 0 640 512\" xmlns=\"http:\/\/www.w3.org\/2000\/svg\"><path d=\"M96 224c35.3 0 64-28.7 64-64s-28.7-64-64-64-64 28.7-64 64 28.7 64 64 64zm448 0c35.3 0 64-28.7 64-64s-28.7-64-64-64-64 28.7-64 64 28.7 64 64 64zm32 32h-64c-17.6 0-33.5 7.1-45.1 18.6 40.3 22.1 68.9 62 75.1 109.4h66c17.7 0 32-14.3 32-32v-32c0-35.3-28.7-64-64-64zm-256 0c61.9 0 112-50.1 112-112S381.9 32 320 32 208 82.1 208 144s50.1 112 112 112zm76.8 32h-8.3c-20.8 10-43.9 16-68.5 16s-47.6-6-68.5-16h-8.3C179.6 288 128 339.6 128 403.2V432c0 26.5 21.5 48 48 48h288c26.5 0 48-21.5 48-48v-28.8c0-63.6-51.6-115.2-115.2-115.2zm-223.7-13.4C161.5 263.1 145.6 256 128 256H64c-35.3 0-64 28.7-64 64v32c0 17.7 14.3 32 32 32h65.9c6.3-47.4 34.9-87.3 75.2-109.4z\"><\/path><\/svg>\t\t\t<\/div>\n\t\t<\/div>\n\t\t\t\t\t\t<\/div>\n\t\t\t\t<div class=\"elementor-element elementor-element-f09f0c7 elementor-widget elementor-widget-heading\" data-id=\"f09f0c7\" data-element_type=\"widget\" data-e-type=\"widget\" data-widget_type=\"heading.default\">\n\t\t\t\t\t<h4 class=\"elementor-heading-title elementor-size-default\">Expert Technical Staff<\/h4>\t\t\t\t<\/div>\n\t\t\t\t<div class=\"elementor-element elementor-element-e471dd3 elementor-widget elementor-widget-text-editor\" data-id=\"e471dd3\" data-element_type=\"widget\" data-e-type=\"widget\" data-widget_type=\"text-editor.default\">\n\t\t\t\t\t\t\t\t\t<p>With our experienced technical team, we offer reliable solutions in pre and after sales processes.<\/p>\t\t\t\t\t\t\t\t<\/div>\n\t\t\t\t<\/div>\n\t\t<div class=\"elementor-element elementor-element-1ed302c e-con-full e-flex e-con e-child\" data-id=\"1ed302c\" data-element_type=\"container\" data-e-type=\"container\" data-settings=\"{&quot;background_background&quot;:&quot;classic&quot;}\">\n\t\t\t\t<div class=\"elementor-element elementor-element-d622e31 elementor-view-default elementor-widget elementor-widget-icon\" data-id=\"d622e31\" data-element_type=\"widget\" data-e-type=\"widget\" data-widget_type=\"icon.default\">\n\t\t\t\t\t\t\t<div class=\"elementor-icon-wrapper\">\n\t\t\t<div class=\"elementor-icon\">\n\t\t\t<svg aria-hidden=\"true\" class=\"e-font-icon-svg e-fab-searchengin\" viewbox=\"0 0 460 512\" xmlns=\"http:\/\/www.w3.org\/2000\/svg\"><path d=\"M220.6 130.3l-67.2 28.2V43.2L98.7 233.5l54.7-24.2v130.3l67.2-209.3zm-83.2-96.7l-1.3 4.7-15.2 52.9C80.6 106.7 52 145.8 52 191.5c0 52.3 34.3 95.9 83.4 105.5v53.6C57.5 340.1 0 272.4 0 191.6c0-80.5 59.8-147.2 137.4-158zm311.4 447.2c-11.2 11.2-23.1 12.3-28.6 10.5-5.4-1.8-27.1-19.9-60.4-44.4-33.3-24.6-33.6-35.7-43-56.7-9.4-20.9-30.4-42.6-57.5-52.4l-9.7-14.7c-24.7 16.9-53 26.9-81.3 28.7l2.1-6.6 15.9-49.5c46.5-11.9 80.9-54 80.9-104.2 0-54.5-38.4-102.1-96-107.1V32.3C254.4 37.4 320 106.8 320 191.6c0 33.6-11.2 64.7-29 90.4l14.6 9.6c9.8 27.1 31.5 48 52.4 57.4s32.2 9.7 56.8 43c24.6 33.2 42.7 54.9 44.5 60.3s.7 17.3-10.5 28.5zm-9.9-17.9c0-4.4-3.6-8-8-8s-8 3.6-8 8 3.6 8 8 8 8-3.6 8-8z\"><\/path><\/svg>\t\t\t<\/div>\n\t\t<\/div>\n\t\t\t\t\t\t<\/div>\n\t\t\t\t<div class=\"elementor-element elementor-element-1cc68ec elementor-widget elementor-widget-heading\" data-id=\"1cc68ec\" data-element_type=\"widget\" data-e-type=\"widget\" data-widget_type=\"heading.default\">\n\t\t\t\t\t<h4 class=\"elementor-heading-title elementor-size-default\">Wide Range of Products and Solutions<\/h4>\t\t\t\t<\/div>\n\t\t\t\t<div class=\"elementor-element elementor-element-f682d33 elementor-widget elementor-widget-text-editor\" data-id=\"f682d33\" data-element_type=\"widget\" data-e-type=\"widget\" data-widget_type=\"text-editor.default\">\n\t\t\t\t\t\t\t\t\t<p>In electrical, panel, automation and industrial systems; we offer products and solutions suitable for different needs under one roof.<\/p>\t\t\t\t\t\t\t\t<\/div>\n\t\t\t\t<\/div>\n\t\t<div class=\"elementor-element elementor-element-e770d60 e-con-full e-flex e-con e-child\" data-id=\"e770d60\" data-element_type=\"container\" data-e-type=\"container\" data-settings=\"{&quot;background_background&quot;:&quot;classic&quot;}\">\n\t\t\t\t<div class=\"elementor-element elementor-element-49a175c elementor-view-default elementor-widget elementor-widget-icon\" data-id=\"49a175c\" data-element_type=\"widget\" data-e-type=\"widget\" data-widget_type=\"icon.default\">\n\t\t\t\t\t\t\t<div class=\"elementor-icon-wrapper\">\n\t\t\t<div class=\"elementor-icon\">\n\t\t\t<svg aria-hidden=\"true\" class=\"e-font-icon-svg e-fas-people-carry\" viewbox=\"0 0 640 512\" xmlns=\"http:\/\/www.w3.org\/2000\/svg\"><path d=\"M128 96c26.5 0 48-21.5 48-48S154.5 0 128 0 80 21.5 80 48s21.5 48 48 48zm384 0c26.5 0 48-21.5 48-48S538.5 0 512 0s-48 21.5-48 48 21.5 48 48 48zm125.7 372.1l-44-110-41.1 46.4-2 18.2 27.7 69.2c5 12.5 17 20.1 29.7 20.1 4 0 8-.7 11.9-2.3 16.4-6.6 24.4-25.2 17.8-41.6zm-34.2-209.8L585 178.1c-4.6-20-18.6-36.8-37.5-44.9-18.5-8-39-6.7-56.1 3.3-22.7 13.4-39.7 34.5-48.1 59.4L432 229.8 416 240v-96c0-8.8-7.2-16-16-16H240c-8.8 0-16 7.2-16 16v96l-16.1-10.2-11.3-33.9c-8.3-25-25.4-46-48.1-59.4-17.2-10-37.6-11.3-56.1-3.3-18.9 8.1-32.9 24.9-37.5 44.9l-18.4 80.2c-4.6 20 .7 41.2 14.4 56.7l67.2 75.9 10.1 92.6C130 499.8 143.8 512 160 512c1.2 0 2.3-.1 3.5-.2 17.6-1.9 30.2-17.7 28.3-35.3l-10.1-92.8c-1.5-13-6.9-25.1-15.6-35l-43.3-49 17.6-70.3 6.8 20.4c4.1 12.5 11.9 23.4 24.5 32.6l51.1 32.5c4.6 2.9 12.1 4.6 17.2 5h160c5.1-.4 12.6-2.1 17.2-5l51.1-32.5c12.6-9.2 20.4-20 24.5-32.6l6.8-20.4 17.6 70.3-43.3 49c-8.7 9.9-14.1 22-15.6 35l-10.1 92.8c-1.9 17.6 10.8 33.4 28.3 35.3 1.2.1 2.3.2 3.5.2 16.1 0 30-12.1 31.8-28.5l10.1-92.6 67.2-75.9c13.6-15.5 19-36.7 14.4-56.7zM46.3 358.1l-44 110c-6.6 16.4 1.4 35 17.8 41.6 16.8 6.6 35.1-1.7 41.6-17.8l27.7-69.2-2-18.2-41.1-46.4z\"><\/path><\/svg>\t\t\t<\/div>\n\t\t<\/div>\n\t\t\t\t\t\t<\/div>\n\t\t\t\t<div class=\"elementor-element elementor-element-68e83a8 elementor-widget elementor-widget-heading\" data-id=\"68e83a8\" data-element_type=\"widget\" data-e-type=\"widget\" data-widget_type=\"heading.default\">\n\t\t\t\t\t<h4 class=\"elementor-heading-title elementor-size-default\">Fast Supply and Strong Logistics<\/h4>\t\t\t\t<\/div>\n\t\t\t\t<div class=\"elementor-element elementor-element-fbcb0e9 elementor-widget elementor-widget-text-editor\" data-id=\"fbcb0e9\" data-element_type=\"widget\" data-e-type=\"widget\" data-widget_type=\"text-editor.default\">\n\t\t\t\t\t\t\t\t\t<p>Thanks to our Ankara-based operation structure and strong logistics network, we provide fast and planned delivery throughout Turkey.<\/p>\t\t\t\t\t\t\t\t<\/div>\n\t\t\t\t<\/div>\n\t\t<div class=\"elementor-element elementor-element-521199d e-con-full e-flex e-con e-child\" data-id=\"521199d\" data-element_type=\"container\" data-e-type=\"container\" data-settings=\"{&quot;background_background&quot;:&quot;classic&quot;}\">\n\t\t\t\t<div class=\"elementor-element elementor-element-39d1987 elementor-view-default elementor-widget elementor-widget-icon\" data-id=\"39d1987\" data-element_type=\"widget\" data-e-type=\"widget\" data-widget_type=\"icon.default\">\n\t\t\t\t\t\t\t<div class=\"elementor-icon-wrapper\">\n\t\t\t<div class=\"elementor-icon\">\n\t\t\t<svg aria-hidden=\"true\" class=\"e-font-icon-svg e-fas-hands-helping\" viewbox=\"0 0 640 512\" xmlns=\"http:\/\/www.w3.org\/2000\/svg\"><path d=\"M488 192H336v56c0 39.7-32.3 72-72 72s-72-32.3-72-72V126.4l-64.9 39C107.8 176.9 96 197.8 96 220.2v47.3l-80 46.2C.7 322.5-4.6 342.1 4.3 357.4l80 138.6c8.8 15.3 28.4 20.5 43.7 11.7L231.4 448H368c35.3 0 64-28.7 64-64h16c17.7 0 32-14.3 32-32v-64h8c13.3 0 24-10.7 24-24v-48c0-13.3-10.7-24-24-24zm147.7-37.4L555.7 16C546.9.7 527.3-4.5 512 4.3L408.6 64H306.4c-12 0-23.7 3.4-33.9 9.7L239 94.6c-9.4 5.8-15 16.1-15 27.1V248c0 22.1 17.9 40 40 40s40-17.9 40-40v-88h184c30.9 0 56 25.1 56 56v28.5l80-46.2c15.3-8.9 20.5-28.4 11.7-43.7z\"><\/path><\/svg>\t\t\t<\/div>\n\t\t<\/div>\n\t\t\t\t\t\t<\/div>\n\t\t\t\t<div class=\"elementor-element elementor-element-940b243 elementor-widget elementor-widget-heading\" data-id=\"940b243\" data-element_type=\"widget\" data-e-type=\"widget\" data-widget_type=\"heading.default\">\n\t\t\t\t\t<h4 class=\"elementor-heading-title elementor-size-default\">Reliable Business Partnership<\/h4>\t\t\t\t<\/div>\n\t\t\t\t<div class=\"elementor-element elementor-element-82fdef3 elementor-widget elementor-widget-text-editor\" data-id=\"82fdef3\" data-element_type=\"widget\" data-e-type=\"widget\" data-widget_type=\"text-editor.default\">\n\t\t\t\t\t\t\t\t\t<p>We are based on long-term cooperation and prioritise transparent communication, quality service and customer satisfaction.<\/p>\t\t\t\t\t\t\t\t<\/div>\n\t\t\t\t<\/div>\n\t\t\t\t<\/div>\n\t\t\t\t\t<\/div>\n\t\t\t\t<\/div>\n\t\t\t\t<\/div>","protected":false},"excerpt":{"rendered":"<p>KARELMAR ELEKTR\u0130K Elektrik ve End\u00fcstriyel \u00c7\u00f6z\u00fcmlerde G\u00fcvenilir \u00c7\u00f6z\u00fcm Orta\u011f\u0131n\u0131z Enerji iletimi, da\u011f\u0131t\u0131m\u0131 ve kontrol\u00fc alanlar\u0131nda; proje bazl\u0131 ihtiya\u00e7lar\u0131, y\u00fcksek kalite standartlar\u0131 ve g\u00fc\u00e7l\u00fc lojistik altyap\u0131m\u0131zla u\u00e7tan uca \u00e7\u00f6z\u00fcmler sunuyoruz. 1997\u2019den Gelen Sekt\u00f6r Tecr\u00fcbesi Grup \u015firketi altyap\u0131s\u0131yla g\u00fc\u00e7lenen kurumsal birikim Ankara Merkezli G\u00fc\u00e7l\u00fc Yap\u0131 \u0130\u00e7 Anadolu\u2019dan T\u00fcrkiye geneline h\u0131zl\u0131 eri\u015fim U\u00e7tan Uca Elektrik \u00c7\u00f6z\u00fcmleri Tedarik, pano, [&hellip;]<\/p>","protected":false},"author":1,"featured_media":0,"parent":0,"menu_order":0,"comment_status":"closed","ping_status":"closed","template":"","meta":{"footnotes":""},"class_list":["post-65","page","type-page","status-publish","hentry"],"_links":{"self":[{"href":"https:\/\/www.karelmar.com\/en\/wp-json\/wp\/v2\/pages\/65","targetHints":{"allow":["GET"]}}],"collection":[{"href":"https:\/\/www.karelmar.com\/en\/wp-json\/wp\/v2\/pages"}],"about":[{"href":"https:\/\/www.karelmar.com\/en\/wp-json\/wp\/v2\/types\/page"}],"author":[{"embeddable":true,"href":"https:\/\/www.karelmar.com\/en\/wp-json\/wp\/v2\/users\/1"}],"replies":[{"embeddable":true,"href":"https:\/\/www.karelmar.com\/en\/wp-json\/wp\/v2\/comments?post=65"}],"version-history":[{"count":64,"href":"https:\/\/www.karelmar.com\/en\/wp-json\/wp\/v2\/pages\/65\/revisions"}],"predecessor-version":[{"id":226,"href":"https:\/\/www.karelmar.com\/en\/wp-json\/wp\/v2\/pages\/65\/revisions\/226"}],"wp:attachment":[{"href":"https:\/\/www.karelmar.com\/en\/wp-json\/wp\/v2\/media?parent=65"}],"curies":[{"name":"wp","href":"https:\/\/api.w.org\/{rel}","templated":true}]}}